{"id":2712,"date":"2026-01-15T21:45:46","date_gmt":"2026-01-15T20:45:46","guid":{"rendered":"https:\/\/www.popotinhousse.fr\/?page_id=2712"},"modified":"2026-01-15T21:50:13","modified_gmt":"2026-01-15T20:50:13","slug":"mentions-legales","status":"publish","type":"page","link":"https:\/\/popotinhousse.fr\/?page_id=2712","title":{"rendered":"Mentions l\u00e9gales"},"content":{"rendered":"\t\t<div data-elementor-type=\"wp-page\" data-elementor-id=\"2712\" class=\"elementor elementor-2712\">\n\t\t\t\t<div class=\"elementor-element elementor-element-f4c7afa e-flex e-con-boxed e-con e-parent\" data-id=\"f4c7afa\" data-element_type=\"container\">\n\t\t\t\t\t<div class=\"e-con-inner\">\n\t\t\t\t<div class=\"elementor-element elementor-element-31ace10 elementor-widget elementor-widget-text-editor\" data-id=\"31ace10\" data-element_type=\"widget\" data-widget_type=\"text-editor.default\">\n\t\t\t\t<div class=\"elementor-widget-container\">\n\t\t\t\t\t\t\t\t\t<p class=\"p1\">Conform\u00e9ment aux dispositions de la loi n\u00b02004-575 du 21 juin 2004 pour la confiance dans l\u2019\u00e9conomie num\u00e9rique (LCEN), il est pr\u00e9cis\u00e9 aux utilisateurs du site <span class=\"s1\"><b>Popotin<\/b><\/span> l\u2019identit\u00e9 des diff\u00e9rents intervenants dans le cadre de sa r\u00e9alisation et de son suivi.<\/p><h4>\u00a0<\/h4><h4><b>1. \u00c9diteur du site<\/b><\/h4><p class=\"p1\">Le pr\u00e9sent site est \u00e9dit\u00e9 par :<\/p><p class=\"p4\"><b>Popotin<\/b><b><\/b><\/p><p class=\"p1\">Soci\u00e9t\u00e9 par Actions Simplifi\u00e9e (SAS)<\/p><p class=\"p4\"><span class=\"s3\">Si\u00e8ge social : <\/span><b>Bordeaux, France<\/b><b><\/b><\/p><p class=\"p1\">Effectif : 5 personnes<\/p><p class=\"p1\">Activit\u00e9 : vente de housses d\u2019ordinateur<\/p><p class=\"p4\"><span class=\"s3\">\ud83d\udce7 Email : <\/span><b>Popotin33pro@gmail.com<\/b><b><\/b><\/p><p class=\"p1\">\ud83d\udcde T\u00e9l\u00e9phone : <span class=\"s1\"><b>01 23 45 67 89<\/b><b><\/b><\/span><\/p><p class=\"p2\">\u00a0<\/p><hr \/><h4><b>2. Directeur de la publication<\/b><\/h4><p class=\"p1\">Le directeur de la publication est :<\/p><p class=\"p1\"><span class=\"s1\"><b>REMY Paul<\/b><\/span>, en qualit\u00e9 de repr\u00e9sentant l\u00e9gal de la soci\u00e9t\u00e9 Popotin.<\/p><p class=\"p2\">\u00a0<\/p><hr \/><h4><b>3. H\u00e9bergement du site<\/b><\/h4><p class=\"p1\">Le site est h\u00e9berg\u00e9 par :<\/p><p><b>[Nom de l&rsquo;h\u00e9bergeur]<\/b><\/p><p class=\"p4\"><span class=\"s3\">Adresse : <\/span><b>[adresse de l\u2019h\u00e9bergeur]<\/b><b><\/b><\/p><p class=\"p4\"><span class=\"s3\">T\u00e9l\u00e9phone : <\/span><b>[num\u00e9ro de l\u2019h\u00e9bergeur]<\/b><b><\/b><\/p><p class=\"p2\">\u00a0<\/p><hr \/><h4><b>4. Propri\u00e9t\u00e9 intellectuelle<\/b><\/h4><p class=\"p1\">L\u2019ensemble du site Popotin (textes, images, graphismes, logo, ic\u00f4nes, sons, logiciels) est prot\u00e9g\u00e9 par les lois en vigueur sur la propri\u00e9t\u00e9 intellectuelle.<\/p><p class=\"p1\">Toute reproduction, repr\u00e9sentation, modification, publication ou adaptation, totale ou partielle, des \u00e9l\u00e9ments du site, quel que soit le moyen ou le proc\u00e9d\u00e9 utilis\u00e9, est interdite sans l\u2019autorisation \u00e9crite pr\u00e9alable de Popotin.<\/p><p class=\"p2\">\u00a0<\/p><hr \/><h4><b>5. Donn\u00e9es personnelles<\/b><\/h4><p class=\"p1\">Les informations personnelles collect\u00e9es sur le site Popotin sont trait\u00e9es conform\u00e9ment au <span class=\"s1\"><b>R\u00e8glement G\u00e9n\u00e9ral sur la Protection des Donn\u00e9es (RGPD)<\/b><\/span>.<\/p><p class=\"p1\">Pour plus d\u2019informations sur la collecte et le traitement des donn\u00e9es personnelles, l\u2019utilisateur est invit\u00e9 \u00e0 consulter la <span class=\"s1\"><b>Politique de confidentialit\u00e9<\/b><\/span> du site.<\/p><p class=\"p2\">\u00a0<\/p><hr \/><h4><b>6. Cookies<\/b><\/h4><p class=\"p1\">Le site Popotin peut \u00eatre amen\u00e9 \u00e0 utiliser des cookies afin d\u2019am\u00e9liorer l\u2019exp\u00e9rience utilisateur et mesurer l\u2019audience.<\/p><p class=\"p1\">L\u2019utilisateur peut \u00e0 tout moment g\u00e9rer ou refuser les cookies via le bandeau pr\u00e9vu \u00e0 cet effet.<\/p><p class=\"p2\">\u00a0<\/p><hr \/><h4><b>7. Responsabilit\u00e9<\/b><\/h4><p class=\"p1\">Popotin ne saurait \u00eatre tenu responsable des dommages directs ou indirects caus\u00e9s au mat\u00e9riel de l\u2019utilisateur lors de l\u2019acc\u00e8s au site.<\/p><p class=\"p1\">Popotin s\u2019efforce de fournir des informations aussi pr\u00e9cises que possible, mais ne pourra \u00eatre tenu responsable des omissions, inexactitudes ou carences dans la mise \u00e0 jour.<\/p><p class=\"p2\">\u00a0<\/p><hr \/><h4><b>8. Droit applicable<\/b><\/h4><p class=\"p1\">Le pr\u00e9sent site est soumis au <span class=\"s1\"><b>droit fran\u00e7ais<\/b><\/span>.<\/p><p class=\"p1\">En cas de litige, et \u00e0 d\u00e9faut de r\u00e9solution amiable, les tribunaux fran\u00e7ais seront seuls comp\u00e9tents.<\/p>\t\t\t\t\t\t\t\t<\/div>\n\t\t\t\t<\/div>\n\t\t\t\t\t<\/div>\n\t\t\t\t<\/div>\n\t\t\t\t<\/div>\n\t\t","protected":false},"excerpt":{"rendered":"<p>Conform\u00e9ment aux dispositions de la loi n\u00b02004-575 du 21 juin 2004 pour la confiance dans l\u2019\u00e9conomie num\u00e9rique (LCEN), il est pr\u00e9cis\u00e9 aux utilisateurs du site Popotin l\u2019identit\u00e9 des diff\u00e9rents intervenants dans le cadre de sa r\u00e9alisation et de son suivi. \u00a0 1. \u00c9diteur du site Le pr\u00e9sent site est \u00e9dit\u00e9 par : Popotin Soci\u00e9t\u00e9 par [&hellip;]<\/p>\n","protected":false},"author":1,"featured_media":0,"parent":0,"menu_order":0,"comment_status":"closed","ping_status":"closed","template":"","meta":{"footnotes":""},"class_list":["post-2712","page","type-page","status-publish","hentry"],"blocksy_meta":[],"yoast_head":"<!-- This site is optimized with the Yoast SEO plugin v26.7 - https:\/\/yoast.com\/wordpress\/plugins\/seo\/ -->\n<title>Mentions l\u00e9gales - Popotin<\/title>\n<meta name=\"robots\" content=\"index, follow, max-snippet:-1, max-image-preview:large, max-video-preview:-1\" \/>\n<link rel=\"canonical\" href=\"https:\/\/popotinhousse.fr\/?page_id=2712\" \/>\n<meta property=\"og:locale\" content=\"fr_FR\" \/>\n<meta property=\"og:type\" content=\"article\" \/>\n<meta property=\"og:title\" content=\"Mentions l\u00e9gales - Popotin\" \/>\n<meta property=\"og:description\" content=\"Conform\u00e9ment aux dispositions de la loi n\u00b02004-575 du 21 juin 2004 pour la confiance dans l\u2019\u00e9conomie num\u00e9rique (LCEN), il est pr\u00e9cis\u00e9 aux utilisateurs du site Popotin l\u2019identit\u00e9 des diff\u00e9rents intervenants dans le cadre de sa r\u00e9alisation et de son suivi. \u00a0 1. \u00c9diteur du site Le pr\u00e9sent site est \u00e9dit\u00e9 par : Popotin Soci\u00e9t\u00e9 par [&hellip;]\" \/>\n<meta property=\"og:url\" content=\"https:\/\/popotinhousse.fr\/?page_id=2712\" \/>\n<meta property=\"og:site_name\" content=\"Popotin\" \/>\n<meta property=\"article:modified_time\" content=\"2026-01-15T20:50:13+00:00\" \/>\n<meta name=\"twitter:card\" content=\"summary_large_image\" \/>\n<meta name=\"twitter:label1\" content=\"Dur\u00e9e de lecture estim\u00e9e\" \/>\n\t<meta name=\"twitter:data1\" content=\"2 minutes\" \/>\n<script type=\"application\/ld+json\" class=\"yoast-schema-graph\">{\"@context\":\"https:\/\/schema.org\",\"@graph\":[{\"@type\":\"WebPage\",\"@id\":\"https:\/\/popotinhousse.fr\/?page_id=2712\",\"url\":\"https:\/\/popotinhousse.fr\/?page_id=2712\",\"name\":\"Mentions l\u00e9gales - Popotin\",\"isPartOf\":{\"@id\":\"https:\/\/popotinhousse.fr\/#website\"},\"datePublished\":\"2026-01-15T20:45:46+00:00\",\"dateModified\":\"2026-01-15T20:50:13+00:00\",\"breadcrumb\":{\"@id\":\"https:\/\/popotinhousse.fr\/?page_id=2712#breadcrumb\"},\"inLanguage\":\"fr-FR\",\"potentialAction\":[{\"@type\":\"ReadAction\",\"target\":[\"https:\/\/popotinhousse.fr\/?page_id=2712\"]}]},{\"@type\":\"BreadcrumbList\",\"@id\":\"https:\/\/popotinhousse.fr\/?page_id=2712#breadcrumb\",\"itemListElement\":[{\"@type\":\"ListItem\",\"position\":1,\"name\":\"Accueil\",\"item\":\"https:\/\/popotinhousse.fr\/\"},{\"@type\":\"ListItem\",\"position\":2,\"name\":\"Mentions l\u00e9gales\"}]},{\"@type\":\"WebSite\",\"@id\":\"https:\/\/popotinhousse.fr\/#website\",\"url\":\"https:\/\/popotinhousse.fr\/\",\"name\":\"Popotin\",\"description\":\"La housse d\u2019ordinateur 2-en-1 confortable et styl\u00e9e\",\"publisher\":{\"@id\":\"https:\/\/popotinhousse.fr\/#organization\"},\"potentialAction\":[{\"@type\":\"SearchAction\",\"target\":{\"@type\":\"EntryPoint\",\"urlTemplate\":\"https:\/\/popotinhousse.fr\/?s={search_term_string}\"},\"query-input\":{\"@type\":\"PropertyValueSpecification\",\"valueRequired\":true,\"valueName\":\"search_term_string\"}}],\"inLanguage\":\"fr-FR\"},{\"@type\":\"Organization\",\"@id\":\"https:\/\/popotinhousse.fr\/#organization\",\"name\":\"Popotin\",\"url\":\"https:\/\/popotinhousse.fr\/\",\"logo\":{\"@type\":\"ImageObject\",\"inLanguage\":\"fr-FR\",\"@id\":\"https:\/\/popotinhousse.fr\/#\/schema\/logo\/image\/\",\"url\":\"https:\/\/popotinhousse.fr\/wp-content\/uploads\/2026\/01\/logopopotin.png\",\"contentUrl\":\"https:\/\/popotinhousse.fr\/wp-content\/uploads\/2026\/01\/logopopotin.png\",\"width\":240,\"height\":240,\"caption\":\"Popotin\"},\"image\":{\"@id\":\"https:\/\/popotinhousse.fr\/#\/schema\/logo\/image\/\"}}]}<\/script>\n<!-- \/ Yoast SEO plugin. -->","yoast_head_json":{"title":"Mentions l\u00e9gales - Popotin","robots":{"index":"index","follow":"follow","max-snippet":"max-snippet:-1","max-image-preview":"max-image-preview:large","max-video-preview":"max-video-preview:-1"},"canonical":"https:\/\/popotinhousse.fr\/?page_id=2712","og_locale":"fr_FR","og_type":"article","og_title":"Mentions l\u00e9gales - Popotin","og_description":"Conform\u00e9ment aux dispositions de la loi n\u00b02004-575 du 21 juin 2004 pour la confiance dans l\u2019\u00e9conomie num\u00e9rique (LCEN), il est pr\u00e9cis\u00e9 aux utilisateurs du site Popotin l\u2019identit\u00e9 des diff\u00e9rents intervenants dans le cadre de sa r\u00e9alisation et de son suivi. \u00a0 1. \u00c9diteur du site Le pr\u00e9sent site est \u00e9dit\u00e9 par : Popotin Soci\u00e9t\u00e9 par [&hellip;]","og_url":"https:\/\/popotinhousse.fr\/?page_id=2712","og_site_name":"Popotin","article_modified_time":"2026-01-15T20:50:13+00:00","twitter_card":"summary_large_image","twitter_misc":{"Dur\u00e9e de lecture estim\u00e9e":"2 minutes"},"schema":{"@context":"https:\/\/schema.org","@graph":[{"@type":"WebPage","@id":"https:\/\/popotinhousse.fr\/?page_id=2712","url":"https:\/\/popotinhousse.fr\/?page_id=2712","name":"Mentions l\u00e9gales - Popotin","isPartOf":{"@id":"https:\/\/popotinhousse.fr\/#website"},"datePublished":"2026-01-15T20:45:46+00:00","dateModified":"2026-01-15T20:50:13+00:00","breadcrumb":{"@id":"https:\/\/popotinhousse.fr\/?page_id=2712#breadcrumb"},"inLanguage":"fr-FR","potentialAction":[{"@type":"ReadAction","target":["https:\/\/popotinhousse.fr\/?page_id=2712"]}]},{"@type":"BreadcrumbList","@id":"https:\/\/popotinhousse.fr\/?page_id=2712#breadcrumb","itemListElement":[{"@type":"ListItem","position":1,"name":"Accueil","item":"https:\/\/popotinhousse.fr\/"},{"@type":"ListItem","position":2,"name":"Mentions l\u00e9gales"}]},{"@type":"WebSite","@id":"https:\/\/popotinhousse.fr\/#website","url":"https:\/\/popotinhousse.fr\/","name":"Popotin","description":"La housse d\u2019ordinateur 2-en-1 confortable et styl\u00e9e","publisher":{"@id":"https:\/\/popotinhousse.fr\/#organization"},"potentialAction":[{"@type":"SearchAction","target":{"@type":"EntryPoint","urlTemplate":"https:\/\/popotinhousse.fr\/?s={search_term_string}"},"query-input":{"@type":"PropertyValueSpecification","valueRequired":true,"valueName":"search_term_string"}}],"inLanguage":"fr-FR"},{"@type":"Organization","@id":"https:\/\/popotinhousse.fr\/#organization","name":"Popotin","url":"https:\/\/popotinhousse.fr\/","logo":{"@type":"ImageObject","inLanguage":"fr-FR","@id":"https:\/\/popotinhousse.fr\/#\/schema\/logo\/image\/","url":"https:\/\/popotinhousse.fr\/wp-content\/uploads\/2026\/01\/logopopotin.png","contentUrl":"https:\/\/popotinhousse.fr\/wp-content\/uploads\/2026\/01\/logopopotin.png","width":240,"height":240,"caption":"Popotin"},"image":{"@id":"https:\/\/popotinhousse.fr\/#\/schema\/logo\/image\/"}}]}},"_links":{"self":[{"href":"https:\/\/popotinhousse.fr\/index.php?rest_route=\/wp\/v2\/pages\/2712","targetHints":{"allow":["GET"]}}],"collection":[{"href":"https:\/\/popotinhousse.fr\/index.php?rest_route=\/wp\/v2\/pages"}],"about":[{"href":"https:\/\/popotinhousse.fr\/index.php?rest_route=\/wp\/v2\/types\/page"}],"author":[{"embeddable":true,"href":"https:\/\/popotinhousse.fr\/index.php?rest_route=\/wp\/v2\/users\/1"}],"replies":[{"embeddable":true,"href":"https:\/\/popotinhousse.fr\/index.php?rest_route=%2Fwp%2Fv2%2Fcomments&post=2712"}],"version-history":[{"count":4,"href":"https:\/\/popotinhousse.fr\/index.php?rest_route=\/wp\/v2\/pages\/2712\/revisions"}],"predecessor-version":[{"id":2717,"href":"https:\/\/popotinhousse.fr\/index.php?rest_route=\/wp\/v2\/pages\/2712\/revisions\/2717"}],"wp:attachment":[{"href":"https:\/\/popotinhousse.fr\/index.php?rest_route=%2Fwp%2Fv2%2Fmedia&parent=2712"}],"curies":[{"name":"wp","href":"https:\/\/api.w.org\/{rel}","templated":true}]}}